{"id":346,"date":"2023-08-17T13:47:33","date_gmt":"2023-08-17T11:47:33","guid":{"rendered":"https:\/\/repto.webvaekst.dk\/?page_id=346"},"modified":"2025-07-31T19:03:49","modified_gmt":"2025-07-31T17:03:49","slug":"kontakt","status":"publish","type":"page","link":"https:\/\/repto.dk\/en\/kontakt\/","title":{"rendered":"Contact Us"},"content":{"rendered":"<style>.elementor-346 .elementor-element.elementor-element-6ce2e6f2:not(.elementor-motion-effects-element-type-background), .elementor-346 .elementor-element.elementor-element-6ce2e6f2 > .elementor-motion-effects-container > .elementor-motion-effects-layer{background-image:url(\"https:\/\/repto.dk\/wp-content\/uploads\/2023\/09\/project-manager-and-construction-worker-looking-at-plans.jpg\");background-position:top center;background-size:cover;}.elementor-346 .elementor-element.elementor-element-6ce2e6f2 > .elementor-background-overlay{background-color:#000000;opacity:0.5;transition:background 0.3s, border-radius 0.3s, opacity 0.3s;}.elementor-346 .elementor-element.elementor-element-6ce2e6f2{transition:background 0.3s, border 0.3s, border-radius 0.3s, box-shadow 0.3s;padding:7% 0% 0% 0%;}.elementor-346 .elementor-element.elementor-element-583b1e2c > .elementor-element-populated{padding:0px 0px 0px 0px;}.elementor-346 .elementor-element.elementor-element-4c2fd66b > .elementor-container{max-width:840px;}.elementor-346 .elementor-element.elementor-element-4c2fd66b{padding:5em 0em 14em 0em;}.elementor-346 .elementor-element.elementor-element-2428a11f.elementor-column > .elementor-widget-wrap{justify-content:center;}.elementor-346 .elementor-element.elementor-element-2428a11f > .elementor-element-populated{padding:2em 2em 2em 2em;}.elementor-346 .elementor-element.elementor-element-31b73471{text-align:center;}.elementor-346 .elementor-element.elementor-element-31b73471 .elementor-heading-title{color:var( --e-global-color-text );}.elementor-346 .elementor-element.elementor-element-7017e3af > .elementor-container{max-width:1512px;}.elementor-346 .elementor-element.elementor-element-7017e3af:not(.elementor-motion-effects-element-type-background), .elementor-346 .elementor-element.elementor-element-7017e3af > .elementor-motion-effects-container > .elementor-motion-effects-layer{background-image:url(\"https:\/\/repto.dk\/wp-content\/uploads\/2023\/07\/dashed.png\");background-position:center center;background-repeat:no-repeat;background-size:contain;}.elementor-346 .elementor-element.elementor-element-7017e3af{transition:background 0.3s, border 0.3s, border-radius 0.3s, box-shadow 0.3s;padding:0em 0em 7em 0em;}.elementor-346 .elementor-element.elementor-element-7017e3af > .elementor-background-overlay{transition:background 0.3s, border-radius 0.3s, opacity 0.3s;}.elementor-346 .elementor-element.elementor-element-5d1b95ee > .elementor-element-populated{padding:0px 0px 0px 0px;}.elementor-346 .elementor-element.elementor-element-96ca998 > .elementor-container > .elementor-column > .elementor-widget-wrap{align-content:center;align-items:center;}.elementor-346 .elementor-element.elementor-element-96ca998{margin-top:40px;margin-bottom:0px;}.elementor-346 .elementor-element.elementor-element-c0bd5be:not(.elementor-motion-effects-element-type-background) > .elementor-widget-wrap, .elementor-346 .elementor-element.elementor-element-c0bd5be > .elementor-widget-wrap > .elementor-motion-effects-container > .elementor-motion-effects-layer{background-color:var( --e-global-color-text );}.elementor-346 .elementor-element.elementor-element-c0bd5be > .elementor-element-populated, .elementor-346 .elementor-element.elementor-element-c0bd5be > .elementor-element-populated > .elementor-background-overlay, .elementor-346 .elementor-element.elementor-element-c0bd5be > .elementor-background-slideshow{border-radius:10px 10px 10px 10px;}.elementor-346 .elementor-element.elementor-element-c0bd5be > .elementor-element-populated{transition:background 0.3s, border 0.3s, border-radius 0.3s, box-shadow 0.3s;margin:10px 10px 10px 0px;--e-column-margin-right:10px;--e-column-margin-left:0px;padding:3em 3em 3em 3em;}.elementor-346 .elementor-element.elementor-element-c0bd5be > .elementor-element-populated > .elementor-background-overlay{transition:background 0.3s, border-radius 0.3s, opacity 0.3s;}.elementor-346 .elementor-element.elementor-element-be1cee1{--divider-border-style:solid;--divider-color:var( --e-global-color-639e8dd );--divider-border-width:3px;}.elementor-346 .elementor-element.elementor-element-be1cee1 .elementor-divider-separator{width:50px;}.elementor-346 .elementor-element.elementor-element-be1cee1 .elementor-divider{padding-block-start:3px;padding-block-end:3px;}.elementor-346 .elementor-element.elementor-element-2f04d5a:not(.elementor-motion-effects-element-type-background) > .elementor-widget-wrap, .elementor-346 .elementor-element.elementor-element-2f04d5a > .elementor-widget-wrap > .elementor-motion-effects-container > .elementor-motion-effects-layer{background-color:var( --e-global-color-text );}.elementor-346 .elementor-element.elementor-element-2f04d5a > .elementor-element-populated, .elementor-346 .elementor-element.elementor-element-2f04d5a > .elementor-element-populated > .elementor-background-overlay, .elementor-346 .elementor-element.elementor-element-2f04d5a > .elementor-background-slideshow{border-radius:10px 10px 10px 10px;}.elementor-346 .elementor-element.elementor-element-2f04d5a > .elementor-element-populated{transition:background 0.3s, border 0.3s, border-radius 0.3s, box-shadow 0.3s;margin:10px 00px 10px 10px;--e-column-margin-right:00px;--e-column-margin-left:10px;padding:3em 3em 3em 3em;}.elementor-346 .elementor-element.elementor-element-2f04d5a > .elementor-element-populated > .elementor-background-overlay{transition:background 0.3s, border-radius 0.3s, opacity 0.3s;}.elementor-346 .elementor-element.elementor-element-1692d89 .elementor-field-group{padding-right:calc( 14px\/2 );padding-left:calc( 14px\/2 );margin-bottom:14px;}.elementor-346 .elementor-element.elementor-element-1692d89 .elementor-form-fields-wrapper{margin-left:calc( -14px\/2 );margin-right:calc( -14px\/2 );margin-bottom:-14px;}.elementor-346 .elementor-element.elementor-element-1692d89 .elementor-field-group.recaptcha_v3-bottomleft, .elementor-346 .elementor-element.elementor-element-1692d89 .elementor-field-group.recaptcha_v3-bottomright{margin-bottom:0;}body.rtl .elementor-346 .elementor-element.elementor-element-1692d89 .elementor-labels-inline .elementor-field-group > label{padding-left:0px;}body:not(.rtl) .elementor-346 .elementor-element.elementor-element-1692d89 .elementor-labels-inline .elementor-field-group > label{padding-right:0px;}body .elementor-346 .elementor-element.elementor-element-1692d89 .elementor-labels-above .elementor-field-group > label{padding-bottom:0px;}.elementor-346 .elementor-element.elementor-element-1692d89 .elementor-field-type-html{padding-bottom:0px;}.elementor-346 .elementor-element.elementor-element-1692d89{--e-form-steps-indicators-spacing:20px;--e-form-steps-indicator-padding:30px;--e-form-steps-indicator-inactive-secondary-color:#ffffff;--e-form-steps-indicator-active-secondary-color:#ffffff;--e-form-steps-indicator-completed-secondary-color:#ffffff;--e-form-steps-divider-width:1px;--e-form-steps-divider-gap:10px;}:root{--page-title-display:none;}@media(max-width:1024px){.elementor-346 .elementor-element.elementor-element-7017e3af{padding:0em 0em 3em 0em;}.elementor-346 .elementor-element.elementor-element-c0bd5be > .elementor-element-populated{padding:2em 2em 2em 2em;}.elementor-346 .elementor-element.elementor-element-2f04d5a > .elementor-element-populated{padding:2em 2em 2em 2em;}}@media(max-width:767px){.elementor-346 .elementor-element.elementor-element-4c2fd66b{padding:7em 0em 10em 0em;}.elementor-346 .elementor-element.elementor-element-7017e3af{padding:0em 0em 2em 0em;}.elementor-346 .elementor-element.elementor-element-c0bd5be > .elementor-element-populated{margin:10px 0px 10px 0px;--e-column-margin-right:0px;--e-column-margin-left:0px;}.elementor-346 .elementor-element.elementor-element-2f04d5a > .elementor-element-populated{margin:10px 0px 10px 0px;--e-column-margin-right:0px;--e-column-margin-left:0px;}}<\/style>\t\t<div data-elementor-type=\"wp-post\" data-elementor-id=\"346\" class=\"elementor elementor-346\" data-elementor-post-type=\"page\">\n\t\t\t\t\t\t<section class=\"elementor-section elementor-top-section elementor-element elementor-element-6ce2e6f2 elementor-section-boxed elementor-section-height-default elementor-section-height-default\" data-id=\"6ce2e6f2\" data-element_type=\"section\" data-e-type=\"section\" data-settings=\"{&quot;background_background&quot;:&quot;classic&quot;}\">\n\t\t\t\t\t\t\t<div class=\"elementor-background-overlay\"><\/div>\n\t\t\t\t\t\t\t<div class=\"elementor-container elementor-column-gap-default\">\n\t\t\t\t\t<div class=\"elementor-column elementor-col-100 elementor-top-column elementor-element elementor-element-583b1e2c\" data-id=\"583b1e2c\" data-element_type=\"column\" data-e-type=\"column\">\n\t\t\t<div class=\"elementor-widget-wrap elementor-element-populated\">\n\t\t\t\t\t\t<section class=\"elementor-section elementor-inner-section elementor-element elementor-element-4c2fd66b elementor-section-boxed elementor-section-height-default elementor-section-height-default\" data-id=\"4c2fd66b\" data-element_type=\"section\" data-e-type=\"section\">\n\t\t\t\t\t\t<div class=\"elementor-container elementor-column-gap-default\">\n\t\t\t\t\t<div class=\"elementor-column elementor-col-100 elementor-inner-column elementor-element elementor-element-2428a11f\" data-id=\"2428a11f\" data-element_type=\"column\" data-e-type=\"column\">\n\t\t\t<div class=\"elementor-widget-wrap elementor-element-populated\">\n\t\t\t\t\t\t<div class=\"elementor-element elementor-element-31b73471 elementor-widget elementor-widget-heading\" data-id=\"31b73471\" data-element_type=\"widget\" data-e-type=\"widget\" data-widget_type=\"heading.default\">\n\t\t\t\t<div class=\"elementor-widget-container\">\n\t\t\t\t\t<h1 class=\"elementor-heading-title elementor-size-default\">CONTACT US<\/h1>\t\t\t\t<\/div>\n\t\t\t\t<\/div>\n\t\t\t\t\t<\/div>\n\t\t<\/div>\n\t\t\t\t\t<\/div>\n\t\t<\/section>\n\t\t\t\t\t<\/div>\n\t\t<\/div>\n\t\t\t\t\t<\/div>\n\t\t<\/section>\n\t\t\t\t<section class=\"elementor-section elementor-top-section elementor-element elementor-element-7017e3af elementor-section-boxed elementor-section-height-default elementor-section-height-default\" data-id=\"7017e3af\" data-element_type=\"section\" data-e-type=\"section\" data-settings=\"{&quot;background_background&quot;:&quot;classic&quot;}\">\n\t\t\t\t\t\t<div class=\"elementor-container elementor-column-gap-default\">\n\t\t\t\t\t<div class=\"elementor-column elementor-col-100 elementor-top-column elementor-element elementor-element-5d1b95ee\" data-id=\"5d1b95ee\" data-element_type=\"column\" data-e-type=\"column\">\n\t\t\t<div class=\"elementor-widget-wrap elementor-element-populated\">\n\t\t\t\t\t\t<section class=\"elementor-section elementor-inner-section elementor-element elementor-element-96ca998 elementor-section-content-middle elementor-section-boxed elementor-section-height-default elementor-section-height-default\" data-id=\"96ca998\" data-element_type=\"section\" data-e-type=\"section\">\n\t\t\t\t\t\t<div class=\"elementor-container elementor-column-gap-default\">\n\t\t\t\t\t<div class=\"elementor-column elementor-col-50 elementor-inner-column elementor-element elementor-element-c0bd5be elementor-invisible\" data-id=\"c0bd5be\" data-element_type=\"column\" data-e-type=\"column\" data-settings=\"{&quot;background_background&quot;:&quot;classic&quot;,&quot;animation&quot;:&quot;fadeInLeft&quot;}\">\n\t\t\t<div class=\"elementor-widget-wrap elementor-element-populated\">\n\t\t\t\t\t\t<div class=\"elementor-element elementor-element-0d4164b elementor-widget elementor-widget-heading\" data-id=\"0d4164b\" data-element_type=\"widget\" data-e-type=\"widget\" data-widget_type=\"heading.default\">\n\t\t\t\t<div class=\"elementor-widget-container\">\n\t\t\t\t\t<h6 class=\"elementor-heading-title elementor-size-default\">CONTACT US<\/h6>\t\t\t\t<\/div>\n\t\t\t\t<\/div>\n\t\t\t\t<div class=\"elementor-element elementor-element-b97cf8e elementor-widget elementor-widget-heading\" data-id=\"b97cf8e\" data-element_type=\"widget\" data-e-type=\"widget\" data-widget_type=\"heading.default\">\n\t\t\t\t<div class=\"elementor-widget-container\">\n\t\t\t\t\t<h2 class=\"elementor-heading-title elementor-size-default\">You are always welcome to contact us<\/h2>\t\t\t\t<\/div>\n\t\t\t\t<\/div>\n\t\t\t\t<div class=\"elementor-element elementor-element-be1cee1 elementor-widget-divider--view-line elementor-widget elementor-widget-divider\" data-id=\"be1cee1\" data-element_type=\"widget\" data-e-type=\"widget\" data-widget_type=\"divider.default\">\n\t\t\t\t<div class=\"elementor-widget-container\">\n\t\t\t\t\t\t\t<div class=\"elementor-divider\">\n\t\t\t<span class=\"elementor-divider-separator\">\n\t\t\t\t\t\t<\/span>\n\t\t<\/div>\n\t\t\t\t\t\t<\/div>\n\t\t\t\t<\/div>\n\t\t\t\t<div class=\"elementor-element elementor-element-9279d92 elementor-widget elementor-widget-text-editor\" data-id=\"9279d92\" data-element_type=\"widget\" data-e-type=\"widget\" data-widget_type=\"text-editor.default\">\n\t\t\t\t<div class=\"elementor-widget-container\">\n\t\t\t\t\t\t\t\t\t<p>Contact us and let's talk about the challenges that need to be addressed. No obligation!<\/p>\t\t\t\t\t\t\t\t<\/div>\n\t\t\t\t<\/div>\n\t\t\t\t<div class=\"elementor-element elementor-element-3cab742 elementor-widget elementor-widget-heading\" data-id=\"3cab742\" data-element_type=\"widget\" data-e-type=\"widget\" data-widget_type=\"heading.default\">\n\t\t\t\t<div class=\"elementor-widget-container\">\n\t\t\t\t\t<h4 class=\"elementor-heading-title elementor-size-default\">info@repto.dk <\/h4>\t\t\t\t<\/div>\n\t\t\t\t<\/div>\n\t\t\t\t<div class=\"elementor-element elementor-element-c5a316d elementor-widget elementor-widget-heading\" data-id=\"c5a316d\" data-element_type=\"widget\" data-e-type=\"widget\" data-widget_type=\"heading.default\">\n\t\t\t\t<div class=\"elementor-widget-container\">\n\t\t\t\t\t<h4 class=\"elementor-heading-title elementor-size-default\">+45 91 91 91 93<\/h4>\t\t\t\t<\/div>\n\t\t\t\t<\/div>\n\t\t\t\t<div class=\"elementor-element elementor-element-c7f9d53 elementor-widget elementor-widget-text-editor\" data-id=\"c7f9d53\" data-element_type=\"widget\" data-e-type=\"widget\" data-widget_type=\"text-editor.default\">\n\t\t\t\t<div class=\"elementor-widget-container\">\n\t\t\t\t\t\t\t\t\t<div class=\"fl-module fl-module-rich-text fl-node-624850fad97f0\" data-node=\"624850fad97f0\"><div class=\"fl-module-content fl-node-content\"><div class=\"fl-rich-text\"><p><strong>Find us here:<\/strong><\/p><ul><li>Lejrvej 29, 1<\/li><li>3500 V\u00e6rl\u00f8se<\/li><li>CVR: 37491365<\/li><\/ul><\/div><p><strong>Opening hours:<\/strong><\/p><div class=\"fl-rich-text\"><ul><li>Mon-Fri: 7:00-17:00<\/li><li>Sat-Sun: Closed<\/li><li>On-call phone: By appointment<\/li><\/ul><\/div><\/div><\/div><div class=\"fl-module fl-module-rich-text fl-node-624856f02a8ca\" data-node=\"624856f02a8ca\"><div class=\"fl-module-content fl-node-content\"><div class=\"fl-rich-text\">\u00a0<\/div><\/div><\/div>\t\t\t\t\t\t\t\t<\/div>\n\t\t\t\t<\/div>\n\t\t\t\t\t<\/div>\n\t\t<\/div>\n\t\t\t\t<div class=\"elementor-column elementor-col-50 elementor-inner-column elementor-element elementor-element-2f04d5a elementor-invisible\" data-id=\"2f04d5a\" data-element_type=\"column\" data-e-type=\"column\" data-settings=\"{&quot;background_background&quot;:&quot;classic&quot;,&quot;animation&quot;:&quot;fadeInRight&quot;}\">\n\t\t\t<div class=\"elementor-widget-wrap elementor-element-populated\">\n\t\t\t\t\t\t<div class=\"elementor-element elementor-element-0845bee elementor-widget elementor-widget-heading\" data-id=\"0845bee\" data-element_type=\"widget\" data-e-type=\"widget\" data-widget_type=\"heading.default\">\n\t\t\t\t<div class=\"elementor-widget-container\">\n\t\t\t\t\t<h2 class=\"elementor-heading-title elementor-size-default\">Let's get started on your project.<\/h2>\t\t\t\t<\/div>\n\t\t\t\t<\/div>\n\t\t\t\t<div class=\"elementor-element elementor-element-1692d89 elementor-button-align-stretch elementor-widget elementor-widget-form\" data-id=\"1692d89\" data-element_type=\"widget\" data-e-type=\"widget\" data-settings=\"{&quot;step_next_label&quot;:&quot;Next&quot;,&quot;step_previous_label&quot;:&quot;Previous&quot;,&quot;button_width&quot;:&quot;100&quot;,&quot;step_type&quot;:&quot;number_text&quot;,&quot;step_icon_shape&quot;:&quot;circle&quot;}\" data-widget_type=\"form.default\">\n\t\t\t\t<div class=\"elementor-widget-container\">\n\t\t\t\t\t\t\t<form class=\"elementor-form\" method=\"post\" name=\"New Form\" aria-label=\"New Form\" action=\"\">\n\t\t\t<input type=\"hidden\" name=\"post_id\" value=\"346\"\/>\n\t\t\t<input type=\"hidden\" name=\"form_id\" value=\"1692d89\"\/>\n\t\t\t<input type=\"hidden\" name=\"referer_title\" value=\"Kontakt - Repto\" \/>\n\n\t\t\t\t\t\t\t<input type=\"hidden\" name=\"queried_id\" value=\"346\"\/>\n\t\t\t\n\t\t\t<div class=\"elementor-form-fields-wrapper elementor-labels-above\">\n\t\t\t\t\t\t\t\t<div class=\"elementor-field-type-text elementor-field-group elementor-column elementor-field-group-name elementor-col-50\">\n\t\t\t\t\t\t\t\t\t\t\t\t<label for=\"form-field-name\" class=\"elementor-field-label\">\n\t\t\t\t\t\t\t\tYour name\t\t\t\t\t\t\t<\/label>\n\t\t\t\t\t\t\t\t\t\t\t\t\t\t<input size=\"1\" type=\"text\" name=\"form_fields[name]\" id=\"form-field-name\" class=\"elementor-field elementor-size-md  elementor-field-textual\" placeholder=\"Your name\">\n\t\t\t\t\t\t\t\t\t\t\t<\/div>\n\t\t\t\t\t\t\t\t<div class=\"elementor-field-type-text elementor-field-group elementor-column elementor-field-group-field_b9bc4c4 elementor-col-50\">\n\t\t\t\t\t\t\t\t\t\t\t\t<label for=\"form-field-field_b9bc4c4\" class=\"elementor-field-label\">\n\t\t\t\t\t\t\t\tThe company\t\t\t\t\t\t\t<\/label>\n\t\t\t\t\t\t\t\t\t\t\t\t\t\t<input size=\"1\" type=\"text\" name=\"form_fields[field_b9bc4c4]\" id=\"form-field-field_b9bc4c4\" class=\"elementor-field elementor-size-md  elementor-field-textual\" placeholder=\"The company\">\n\t\t\t\t\t\t\t\t\t\t\t<\/div>\n\t\t\t\t\t\t\t\t<div class=\"elementor-field-type-tel elementor-field-group elementor-column elementor-field-group-field_e4d39ff elementor-col-50\">\n\t\t\t\t\t\t\t\t\t\t\t\t<label for=\"form-field-field_e4d39ff\" class=\"elementor-field-label\">\n\t\t\t\t\t\t\t\tPhone number\t\t\t\t\t\t\t<\/label>\n\t\t\t\t\t\t\t\t<input size=\"1\" type=\"tel\" name=\"form_fields[field_e4d39ff]\" id=\"form-field-field_e4d39ff\" class=\"elementor-field elementor-size-md  elementor-field-textual\" placeholder=\"Phone number\" pattern=\"[0-9()#&amp;+*-=.]+\" title=\"Kun tal og telefonkarakterer (#,-,*, o.s.v.) accepteres.\">\n\n\t\t\t\t\t\t<\/div>\n\t\t\t\t\t\t\t\t<div class=\"elementor-field-type-email elementor-field-group elementor-column elementor-field-group-email elementor-col-50 elementor-field-required\">\n\t\t\t\t\t\t\t\t\t\t\t\t<label for=\"form-field-email\" class=\"elementor-field-label\">\n\t\t\t\t\t\t\t\tE-mail\t\t\t\t\t\t\t<\/label>\n\t\t\t\t\t\t\t\t\t\t\t\t\t\t<input size=\"1\" type=\"email\" name=\"form_fields[email]\" id=\"form-field-email\" class=\"elementor-field elementor-size-md  elementor-field-textual\" placeholder=\"E-mail\" required=\"required\">\n\t\t\t\t\t\t\t\t\t\t\t<\/div>\n\t\t\t\t\t\t\t\t<div class=\"elementor-field-type-textarea elementor-field-group elementor-column elementor-field-group-message elementor-col-100\">\n\t\t\t\t\t\t\t\t\t\t\t\t<label for=\"form-field-message\" class=\"elementor-field-label\">\n\t\t\t\t\t\t\t\tMessage\t\t\t\t\t\t\t<\/label>\n\t\t\t\t\t\t<textarea class=\"elementor-field-textual elementor-field  elementor-size-md\" name=\"form_fields[message]\" id=\"form-field-message\" rows=\"4\" placeholder=\"Write about your project\"><\/textarea>\t\t\t\t<\/div>\n\t\t\t\t\t\t\t\t<div class=\"elementor-field-group elementor-column elementor-field-type-submit elementor-col-100 e-form__buttons\">\n\t\t\t\t\t<button class=\"elementor-button elementor-size-md\" type=\"submit\">\n\t\t\t\t\t\t<span class=\"elementor-button-content-wrapper\">\n\t\t\t\t\t\t\t\t\t\t\t\t\t\t\t\t\t\t\t\t\t\t<span class=\"elementor-button-text\">Submit<\/span>\n\t\t\t\t\t\t\t\t\t\t\t\t\t<\/span>\n\t\t\t\t\t<\/button>\n\t\t\t\t<\/div>\n\t\t\t<\/div>\n\t\t<input type=\"hidden\" name=\"trp-form-language\" value=\"en\"\/><\/form>\n\t\t\t\t\t\t<\/div>\n\t\t\t\t<\/div>\n\t\t\t\t\t<\/div>\n\t\t<\/div>\n\t\t\t\t\t<\/div>\n\t\t<\/section>\n\t\t\t\t\t<\/div>\n\t\t<\/div>\n\t\t\t\t\t<\/div>\n\t\t<\/section>\n\t\t\t\t<\/div>","protected":false},"excerpt":{"rendered":"<p>Kontakt os Kontakt os Du er altid velkommen til at kontakte os Kontakt os, og lad os tage en snak om de udfordringer der skal tages h\u00e5nd om. Helt uforpligtende! info@repto.dk +45 91 91 91 93 Find os her: Lejrvej 29, 1 3500 V\u00e6rl\u00f8se CVR: 37491365 \u00c5bningstider: Man-Fre: 7:00-17:00 L\u00f8r-S\u00f8n: Lukket Vagttelefon: Efter aftale \u00a0 [&hellip;]<\/p>","protected":false},"author":1,"featured_media":0,"parent":0,"menu_order":0,"comment_status":"closed","ping_status":"closed","template":"","meta":{"footnotes":""},"class_list":["post-346","page","type-page","status-publish","hentry"],"yoast_head":"<!-- This site is optimized with the Yoast SEO plugin v27.4 - https:\/\/yoast.com\/product\/yoast-seo-wordpress\/ -->\n<title>Kontakt - Repto<\/title>\n<meta name=\"robots\" content=\"index, follow, max-snippet:-1, max-image-preview:large, max-video-preview:-1\" \/>\n<link rel=\"canonical\" href=\"https:\/\/repto.dk\/en\/kontakt\/\" \/>\n<meta property=\"og:locale\" content=\"en_US\" \/>\n<meta property=\"og:type\" content=\"article\" \/>\n<meta property=\"og:title\" content=\"Kontakt - Repto\" \/>\n<meta property=\"og:description\" content=\"Kontakt os Kontakt os Du er altid velkommen til at kontakte os Kontakt os, og lad os tage en snak om de udfordringer der skal tages h\u00e5nd om. Helt uforpligtende! info@repto.dk +45 91 91 91 93 Find os her: Lejrvej 29, 1 3500 V\u00e6rl\u00f8se CVR: 37491365 \u00c5bningstider: Man-Fre: 7:00-17:00 L\u00f8r-S\u00f8n: Lukket Vagttelefon: Efter aftale \u00a0 [&hellip;]\" \/>\n<meta property=\"og:url\" content=\"https:\/\/repto.dk\/en\/kontakt\/\" \/>\n<meta property=\"og:site_name\" content=\"Repto\" \/>\n<meta property=\"article:modified_time\" content=\"2025-07-31T17:03:49+00:00\" \/>\n<meta name=\"twitter:card\" content=\"summary_large_image\" \/>\n<meta name=\"twitter:label1\" content=\"Est. reading time\" \/>\n\t<meta name=\"twitter:data1\" content=\"1 minute\" \/>\n<script type=\"application\/ld+json\" class=\"yoast-schema-graph\">{\"@context\":\"https:\\\/\\\/schema.org\",\"@graph\":[{\"@type\":\"WebPage\",\"@id\":\"https:\\\/\\\/repto.dk\\\/kontakt\\\/\",\"url\":\"https:\\\/\\\/repto.dk\\\/kontakt\\\/\",\"name\":\"Kontakt - Repto\",\"isPartOf\":{\"@id\":\"https:\\\/\\\/repto.dk\\\/#website\"},\"datePublished\":\"2023-08-17T11:47:33+00:00\",\"dateModified\":\"2025-07-31T17:03:49+00:00\",\"breadcrumb\":{\"@id\":\"https:\\\/\\\/repto.dk\\\/kontakt\\\/#breadcrumb\"},\"inLanguage\":\"en-US\",\"potentialAction\":[{\"@type\":\"ReadAction\",\"target\":[\"https:\\\/\\\/repto.dk\\\/kontakt\\\/\"]}]},{\"@type\":\"BreadcrumbList\",\"@id\":\"https:\\\/\\\/repto.dk\\\/kontakt\\\/#breadcrumb\",\"itemListElement\":[{\"@type\":\"ListItem\",\"position\":1,\"name\":\"Hjem\",\"item\":\"https:\\\/\\\/repto.dk\\\/\"},{\"@type\":\"ListItem\",\"position\":2,\"name\":\"Kontakt\"}]},{\"@type\":\"WebSite\",\"@id\":\"https:\\\/\\\/repto.dk\\\/#website\",\"url\":\"https:\\\/\\\/repto.dk\\\/\",\"name\":\"Repto\",\"description\":\"Repto\",\"potentialAction\":[{\"@type\":\"SearchAction\",\"target\":{\"@type\":\"EntryPoint\",\"urlTemplate\":\"https:\\\/\\\/repto.dk\\\/?s={search_term_string}\"},\"query-input\":{\"@type\":\"PropertyValueSpecification\",\"valueRequired\":true,\"valueName\":\"search_term_string\"}}],\"inLanguage\":\"en-US\"}]}<\/script>\n<!-- \/ Yoast SEO plugin. -->","yoast_head_json":{"title":"Kontakt - Repto","robots":{"index":"index","follow":"follow","max-snippet":"max-snippet:-1","max-image-preview":"max-image-preview:large","max-video-preview":"max-video-preview:-1"},"canonical":"https:\/\/repto.dk\/en\/kontakt\/","og_locale":"en_US","og_type":"article","og_title":"Kontakt - Repto","og_description":"Kontakt os Kontakt os Du er altid velkommen til at kontakte os Kontakt os, og lad os tage en snak om de udfordringer der skal tages h\u00e5nd om. Helt uforpligtende! info@repto.dk +45 91 91 91 93 Find os her: Lejrvej 29, 1 3500 V\u00e6rl\u00f8se CVR: 37491365 \u00c5bningstider: Man-Fre: 7:00-17:00 L\u00f8r-S\u00f8n: Lukket Vagttelefon: Efter aftale \u00a0 [&hellip;]","og_url":"https:\/\/repto.dk\/en\/kontakt\/","og_site_name":"Repto","article_modified_time":"2025-07-31T17:03:49+00:00","twitter_card":"summary_large_image","twitter_misc":{"Est. reading time":"1 minute"},"schema":{"@context":"https:\/\/schema.org","@graph":[{"@type":"WebPage","@id":"https:\/\/repto.dk\/kontakt\/","url":"https:\/\/repto.dk\/kontakt\/","name":"Kontakt - Repto","isPartOf":{"@id":"https:\/\/repto.dk\/#website"},"datePublished":"2023-08-17T11:47:33+00:00","dateModified":"2025-07-31T17:03:49+00:00","breadcrumb":{"@id":"https:\/\/repto.dk\/kontakt\/#breadcrumb"},"inLanguage":"en-US","potentialAction":[{"@type":"ReadAction","target":["https:\/\/repto.dk\/kontakt\/"]}]},{"@type":"BreadcrumbList","@id":"https:\/\/repto.dk\/kontakt\/#breadcrumb","itemListElement":[{"@type":"ListItem","position":1,"name":"Hjem","item":"https:\/\/repto.dk\/"},{"@type":"ListItem","position":2,"name":"Kontakt"}]},{"@type":"WebSite","@id":"https:\/\/repto.dk\/#website","url":"https:\/\/repto.dk\/","name":"Repto","description":"Repto","potentialAction":[{"@type":"SearchAction","target":{"@type":"EntryPoint","urlTemplate":"https:\/\/repto.dk\/?s={search_term_string}"},"query-input":{"@type":"PropertyValueSpecification","valueRequired":true,"valueName":"search_term_string"}}],"inLanguage":"en-US"}]}},"_links":{"self":[{"href":"https:\/\/repto.dk\/en\/wp-json\/wp\/v2\/pages\/346","targetHints":{"allow":["GET"]}}],"collection":[{"href":"https:\/\/repto.dk\/en\/wp-json\/wp\/v2\/pages"}],"about":[{"href":"https:\/\/repto.dk\/en\/wp-json\/wp\/v2\/types\/page"}],"author":[{"embeddable":true,"href":"https:\/\/repto.dk\/en\/wp-json\/wp\/v2\/users\/1"}],"replies":[{"embeddable":true,"href":"https:\/\/repto.dk\/en\/wp-json\/wp\/v2\/comments?post=346"}],"version-history":[{"count":13,"href":"https:\/\/repto.dk\/en\/wp-json\/wp\/v2\/pages\/346\/revisions"}],"predecessor-version":[{"id":1875,"href":"https:\/\/repto.dk\/en\/wp-json\/wp\/v2\/pages\/346\/revisions\/1875"}],"wp:attachment":[{"href":"https:\/\/repto.dk\/en\/wp-json\/wp\/v2\/media?parent=346"}],"curies":[{"name":"wp","href":"https:\/\/api.w.org\/{rel}","templated":true}]}}